{"id":1351,"date":"2022-11-04T19:04:43","date_gmt":"2022-11-04T19:04:43","guid":{"rendered":"https:\/\/maximaline.ca\/?page_id=1351"},"modified":"2023-10-18T11:58:12","modified_gmt":"2023-10-18T15:58:12","slug":"a-propos","status":"publish","type":"page","link":"https:\/\/maximaline.ca\/fr\/a-propos\/","title":{"rendered":"\u00c0 propos"},"content":{"rendered":"<div class=\"nicepage-container\"><div class=\"\" style=\"\" >        <script>\n            (function ($) {\n                var ResponsiveCms = window.ResponsiveCms;\n                if (!ResponsiveCms) {\n                    return;\n                }\n                ResponsiveCms.contentDom = $('script:last').parent();\n                ResponsiveCms.prevMode = \"XL\";\n\n                if (typeof ResponsiveCms.recalcClasses === 'function') {\n                    ResponsiveCms.recalcClasses();\n                }\n            })(jQuery);\n        <\/script>\n        \n    \n    <section class=\"u-align-center u-clearfix u-image u-shading u-section-2\" src=\"\" data-image-width=\"1920\" data-image-height=\"2560\" id=\"sec-33c4\" style=\"background-image: linear-gradient(0deg, rgba(0, 0, 0, 0.25), rgba(0, 0, 0, 0.25)), url(&quot;https:\/\/maximaline.ca\/wp-content\/uploads\/2023\/10\/GordEllisreliesonMaximalineandleaderswhenhechasesLakeSuperiorsteelheadGEllisphoto-1536x2048.jpg&quot;);\">\n      <div class=\"u-clearfix u-sheet u-valign-middle-lg u-valign-middle-md u-sheet-1\">\n        <h1 class=\"u-align-center-lg u-align-center-md u-align-center-sm u-align-center-xs u-text u-text-white u-title u-text-1\">\u00c0 propos<\/h1>\n        <h6 class=\"u-text u-text-2\"> LA CONFIANCE TOTALE<\/h6>\n      <\/div>\n    <\/section>\n    <section class=\"u-clearfix u-white u-section-3\" id=\"sec-e46f\">\n      <div class=\"u-clearfix u-sheet u-sheet-1\"><\/div>\n    <\/section>\n    <section class=\"u-clearfix u-section-4\" id=\"sec-5d91\">\n      <div class=\"data-layout-selected u-clearfix u-expanded-width u-gutter-10 u-layout-wrap u-layout-wrap-1\">\n        <div class=\"u-layout\" style=\"\">\n          <div class=\"u-layout-row\" style=\"\">\n            <div class=\"u-align-left u-container-style u-image u-layout-cell u-left-cell u-size-30 u-size-xs-60 u-image-1\" src=\"\" data-image-width=\"4000\" data-image-height=\"3000\" data-animation-name=\"customAnimationIn\" data-animation-duration=\"1000\" style=\"background-image: url(&quot;https:\/\/maximaline.ca\/wp-content\/uploads\/2023\/02\/P1060511-scaled.jpg&quot;);\">\n              <div class=\"u-container-layout u-valign-middle u-container-layout-1\" src=\"\"><\/div>\n            <\/div>\n            <div class=\"u-align-left u-container-style u-layout-cell u-right-cell u-size-30 u-size-xs-60 u-white u-layout-cell-2\">\n              <div class=\"u-container-layout u-valign-middle u-container-layout-2\">\n                <h2 class=\"u-text u-text-black u-text-default u-text-1\" data-animation-name=\"customAnimationIn\" data-animation-duration=\"1000\"> Maxima a pour slogan \u201cThe line company\u201d parce qu\u2019ils se sp\u00e9cialisent uniquement dans le fil \u00e0 p\u00eache et sont les meilleurs dans le domaine.<\/h2>\n                <p class=\"u-text u-text-black u-text-2\" data-animation-name=\"customAnimationIn\" data-animation-duration=\"1000\">Ils fabriquent du monofilament de premi\u00e8re qualit\u00e9 depuis leur cr\u00e9ation en 1920.&nbsp; \u00c0 cette \u00e9poque, la qualit\u00e9 \u00e9tait synonyme de fiert\u00e9.&nbsp; Le fondateur, Max Gottlieb Meinel a \u00e9tabli Maxima \u00e0 Markneukirchen, en Allemagne.&nbsp;<br>\n                  <br>Au d\u00e9but des ann\u00e9es 1950, Maxima a construit une nouvelle usine \u00e0 Geretsried, o\u00f9 ils sont encore aujourd\u2019hui.&nbsp; Nich\u00e9e dans les montagnes de Bavi\u00e8re, l\u2019usine de Maxima, o\u00f9 ils fabriquent le monofilament, le fluorocarbone et les lignes tress\u00e9es pour le monde entier, est tr\u00e8s avant-gardiste. Les p\u00eacheurs de plus de 70 pays se fient aux produits Maxima.&nbsp; Ils dominent dans la p\u00eache aux conditions difficiles et pour le gros poisson.&nbsp;&nbsp;<br>\n                  <br>P\u00eache \u00e0 la mouche en Am\u00e9rique du Nord, eaux sal\u00e9es ou douces en Australie, Angleterre, Japon, Afrique du Sud et la liste continue. Reconnues pour leur r\u00e9sistance exceptionnelle \u00e0 l\u2019abrasion, les lignes Maxima offrent une remarquable \u00e9lasticit\u00e9, r\u00e9sistance et maintenue des n\u0153uds.&nbsp; Apr\u00e8s avoir essay\u00e9 Maxima, vous ne voudrez plus vous en passer.\n                <\/p>\n              <\/div>\n            <\/div>\n          <\/div>\n        <\/div>\n      <\/div>\n    <\/section>\n    \n    \n    \n    \n  \n<\/div><\/div>","protected":false},"excerpt":{"rendered":"<p>\u00c0 propos LA CONFIANCE TOTALE Maxima a pour slogan \u201cThe line company\u201d parce qu\u2019ils se sp\u00e9cialisent uniquement dans le fil \u00e0 p\u00eache et sont les meilleurs dans le domaine. Ils fabriquent du monofilament de premi\u00e8re qualit\u00e9 depuis leur cr\u00e9ation en 1920.&nbsp; \u00c0 cette \u00e9poque, la qualit\u00e9 \u00e9tait synonyme de fiert\u00e9.&nbsp; Le fondateur, Max Gottlieb Meinel [&hellip;]<\/p>\n","protected":false},"author":4,"featured_media":0,"parent":0,"menu_order":0,"comment_status":"closed","ping_status":"closed","template":"","meta":{"_acf_changed":false,"site-sidebar-layout":"default","site-content-layout":"page-builder","ast-site-content-layout":"default","site-content-style":"default","site-sidebar-style":"default","ast-global-header-display":"","ast-banner-title-visibility":"","ast-main-header-display":"","ast-hfb-above-header-display":"","ast-hfb-below-header-display":"","ast-hfb-mobile-header-display":"","site-post-title":"","ast-breadcrumbs-content":"","ast-featured-img":"","footer-sml-layout":"","ast-disable-related-posts":"","theme-transparent-header-meta":"default","adv-header-id-meta":"","stick-header-meta":"default","header-above-stick-meta":"","header-main-stick-meta":"","header-below-stick-meta":"","astra-migrate-meta-layouts":"default","ast-page-background-enabled":"default","ast-page-background-meta":{"desktop":{"background-color":"","background-image":"","background-repeat":"repeat","background-position":"center center","background-size":"auto","background-attachment":"scroll","background-type":"","background-media":"","overlay-type":"","overlay-color":"","overlay-opacity":"","overlay-gradient":""},"tablet":{"background-color":"","background-image":"","background-repeat":"repeat","background-position":"center center","background-size":"auto","background-attachment":"scroll","background-type":"","background-media":"","overlay-type":"","overlay-color":"","overlay-opacity":"","overlay-gradient":""},"mobile":{"background-color":"","background-image":"","background-repeat":"repeat","background-position":"center center","background-size":"auto","background-attachment":"scroll","background-type":"","background-media":"","overlay-type":"","overlay-color":"","overlay-opacity":"","overlay-gradient":""}},"ast-content-background-meta":{"desktop":{"background-color":"var(--ast-global-color-5)","background-image":"","background-repeat":"repeat","background-position":"center center","background-size":"auto","background-attachment":"scroll","background-type":"","background-media":"","overlay-type":"","overlay-color":"","overlay-opacity":"","overlay-gradient":""},"tablet":{"background-color":"var(--ast-global-color-5)","background-image":"","background-repeat":"repeat","background-position":"center center","background-size":"auto","background-attachment":"scroll","background-type":"","background-media":"","overlay-type":"","overlay-color":"","overlay-opacity":"","overlay-gradient":""},"mobile":{"background-color":"var(--ast-global-color-5)","background-image":"","background-repeat":"repeat","background-position":"center center","background-size":"auto","background-attachment":"scroll","background-type":"","background-media":"","overlay-type":"","overlay-color":"","overlay-opacity":"","overlay-gradient":""}},"footnotes":""},"class_list":["post-1351","page","type-page","status-publish","hentry"],"acf":[],"_links":{"self":[{"href":"https:\/\/maximaline.ca\/fr\/wp-json\/wp\/v2\/pages\/1351","targetHints":{"allow":["GET"]}}],"collection":[{"href":"https:\/\/maximaline.ca\/fr\/wp-json\/wp\/v2\/pages"}],"about":[{"href":"https:\/\/maximaline.ca\/fr\/wp-json\/wp\/v2\/types\/page"}],"author":[{"embeddable":true,"href":"https:\/\/maximaline.ca\/fr\/wp-json\/wp\/v2\/users\/4"}],"replies":[{"embeddable":true,"href":"https:\/\/maximaline.ca\/fr\/wp-json\/wp\/v2\/comments?post=1351"}],"version-history":[{"count":6,"href":"https:\/\/maximaline.ca\/fr\/wp-json\/wp\/v2\/pages\/1351\/revisions"}],"predecessor-version":[{"id":3076,"href":"https:\/\/maximaline.ca\/fr\/wp-json\/wp\/v2\/pages\/1351\/revisions\/3076"}],"wp:attachment":[{"href":"https:\/\/maximaline.ca\/fr\/wp-json\/wp\/v2\/media?parent=1351"}],"curies":[{"name":"wp","href":"https:\/\/api.w.org\/{rel}","templated":true}]}}